{"id":8649,"date":"2025-06-18T14:54:35","date_gmt":"2025-06-18T17:54:35","guid":{"rendered":"https:\/\/grandelojams.org.br\/es\/?page_id=8649"},"modified":"2025-11-17T10:18:59","modified_gmt":"2025-11-17T13:18:59","slug":"casa-de-apoyo","status":"publish","type":"page","link":"https:\/\/grandelojams.org.br\/es\/casa-de-apoyo\/","title":{"rendered":"Casa de Apoyo"},"content":{"rendered":"\t\t<div data-elementor-type=\"wp-page\" data-elementor-id=\"8649\" class=\"elementor elementor-8649\">\n\t\t\t\t\t\t<header class=\"elementor-section elementor-top-section elementor-element elementor-element-12acaa11 elementor-section-full_width elementor-section-height-min-height elementor-section-height-default elementor-section-items-middle elementor-invisible\" data-id=\"12acaa11\" data-element_type=\"section\" data-settings=\"{&quot;background_background&quot;:&quot;classic&quot;,&quot;animation&quot;:&quot;fadeIn&quot;,&quot;animation_delay&quot;:50}\">\n\t\t\t\t\t\t\t<div class=\"elementor-background-overlay\"><\/div>\n\t\t\t\t\t\t\t<div class=\"elementor-container elementor-column-gap-no\">\n\t\t\t\t\t<div class=\"elementor-column elementor-col-100 elementor-top-column elementor-element elementor-element-179d57bd\" data-id=\"179d57bd\" data-element_type=\"column\">\n\t\t\t<div class=\"elementor-widget-wrap elementor-element-populated\">\n\t\t\t\t\t\t<section class=\"elementor-section elementor-inner-section elementor-element elementor-element-48913a91 elementor-section-boxed elementor-section-height-default elementor-section-height-default\" data-id=\"48913a91\" data-element_type=\"section\">\n\t\t\t\t\t\t<div class=\"elementor-container elementor-column-gap-default\">\n\t\t\t\t\t<div class=\"elementor-column elementor-col-50 elementor-inner-column elementor-element elementor-element-6a49f28d\" data-id=\"6a49f28d\" data-element_type=\"column\">\n\t\t\t<div class=\"elementor-widget-wrap elementor-element-populated\">\n\t\t\t\t\t\t<div class=\"elementor-element elementor-element-42e35d73 elementor-invisible elementor-widget elementor-widget-heading\" data-id=\"42e35d73\" data-element_type=\"widget\" data-settings=\"{&quot;_animation&quot;:&quot;fadeIn&quot;,&quot;_animation_delay&quot;:100}\" data-widget_type=\"heading.default\">\n\t\t\t\t<div class=\"elementor-widget-container\">\n\t\t\t\t\t<h1 class=\"elementor-heading-title elementor-size-default\">\nCasa de Apoyo<\/h1>\t\t\t\t<\/div>\n\t\t\t\t<\/div>\n\t\t\t\t<div class=\"elementor-element elementor-element-80267be elementor-invisible elementor-widget elementor-widget-text-editor\" data-id=\"80267be\" data-element_type=\"widget\" data-settings=\"{&quot;_animation&quot;:&quot;fadeIn&quot;,&quot;_animation_delay&quot;:200}\" data-widget_type=\"text-editor.default\">\n\t\t\t\t<div class=\"elementor-widget-container\">\n\t\t\t\t\t\t\t\t\t<p>Apoyo, atenci\u00f3n y ambiente acogedor para quienes reciben tratamiento m\u00e9dico en Campo Grande.<\/p>\t\t\t\t\t\t\t\t<\/div>\n\t\t\t\t<\/div>\n\t\t\t\t<div class=\"elementor-element elementor-element-50f321ba elementor-align-left elementor-invisible elementor-widget elementor-widget-button\" data-id=\"50f321ba\" data-element_type=\"widget\" data-settings=\"{&quot;_animation&quot;:&quot;fadeInUp&quot;,&quot;_animation_delay&quot;:200}\" data-widget_type=\"button.default\">\n\t\t\t\t<div class=\"elementor-widget-container\">\n\t\t\t\t\t\t\t\t\t<div class=\"elementor-button-wrapper\">\n\t\t\t\t\t<a class=\"elementor-button elementor-button-link elementor-size-sm elementor-animation-grow\" href=\"https:\/\/grandelojams.org.br\/es\/quienes-somos\/\">\n\t\t\t\t\t\t<span class=\"elementor-button-content-wrapper\">\n\t\t\t\t\t\t<span class=\"elementor-button-icon\">\n\t\t\t\t\t\t\t<\/span>\n\t\t\t\t\t\t\t\t\t<span class=\"elementor-button-text\">M\u00e1s informaci\u00f3n<\/span>\n\t\t\t\t\t<\/span>\n\t\t\t\t\t<\/a>\n\t\t\t\t<\/div>\n\t\t\t\t\t\t\t\t<\/div>\n\t\t\t\t<\/div>\n\t\t\t\t\t<\/div>\n\t\t<\/div>\n\t\t\t\t<div class=\"elementor-column elementor-col-50 elementor-inner-column elementor-element elementor-element-6f891af4\" data-id=\"6f891af4\" data-element_type=\"column\">\n\t\t\t<div class=\"elementor-widget-wrap\">\n\t\t\t\t\t\t\t<\/div>\n\t\t<\/div>\n\t\t\t\t\t<\/div>\n\t\t<\/section>\n\t\t\t\t\t<\/div>\n\t\t<\/div>\n\t\t\t\t\t<\/div>\n\t\t<\/header>\n\t\t\t\t<section class=\"elementor-section elementor-top-section elementor-element elementor-element-30db1cc9 elementor-section-boxed elementor-section-height-default elementor-section-height-default\" data-id=\"30db1cc9\" data-element_type=\"section\" data-settings=\"{&quot;background_background&quot;:&quot;classic&quot;}\">\n\t\t\t\t\t\t<div class=\"elementor-container elementor-column-gap-default\">\n\t\t\t\t\t<div class=\"elementor-column elementor-col-50 elementor-top-column elementor-element elementor-element-b1751a2 elementor-invisible\" data-id=\"b1751a2\" data-element_type=\"column\" data-settings=\"{&quot;animation&quot;:&quot;fadeIn&quot;,&quot;background_background&quot;:&quot;classic&quot;}\">\n\t\t\t<div class=\"elementor-widget-wrap elementor-element-populated\">\n\t\t\t\t\t\t<div class=\"elementor-element elementor-element-090ce39 elementor-widget elementor-widget-spacer\" data-id=\"090ce39\" data-element_type=\"widget\" data-widget_type=\"spacer.default\">\n\t\t\t\t<div class=\"elementor-widget-container\">\n\t\t\t\t\t\t\t<div class=\"elementor-spacer\">\n\t\t\t<div class=\"elementor-spacer-inner\"><\/div>\n\t\t<\/div>\n\t\t\t\t\t\t<\/div>\n\t\t\t\t<\/div>\n\t\t\t\t<div class=\"elementor-element elementor-element-7eae46de elementor-invisible elementor-widget elementor-widget-heading\" data-id=\"7eae46de\" data-element_type=\"widget\" data-settings=\"{&quot;_animation&quot;:&quot;fadeIn&quot;}\" data-widget_type=\"heading.default\">\n\t\t\t\t<div class=\"elementor-widget-container\">\n\t\t\t\t\t<h2 class=\"elementor-heading-title elementor-size-default\">\nCasa de Apoyo\n<\/h2>\t\t\t\t<\/div>\n\t\t\t\t<\/div>\n\t\t\t\t<div class=\"elementor-element elementor-element-1c0eb559 elementor-widget-divider--view-line elementor-invisible elementor-widget elementor-widget-divider\" data-id=\"1c0eb559\" data-element_type=\"widget\" data-settings=\"{&quot;_animation&quot;:&quot;fadeInUp&quot;}\" data-widget_type=\"divider.default\">\n\t\t\t\t<div class=\"elementor-widget-container\">\n\t\t\t\t\t\t\t<div class=\"elementor-divider\">\n\t\t\t<span class=\"elementor-divider-separator\">\n\t\t\t\t\t\t<\/span>\n\t\t<\/div>\n\t\t\t\t\t\t<\/div>\n\t\t\t\t<\/div>\n\t\t\t\t<div class=\"elementor-element elementor-element-8b31571 elementor-invisible elementor-widget elementor-widget-text-editor\" data-id=\"8b31571\" data-element_type=\"widget\" data-settings=\"{&quot;_animation&quot;:&quot;fadeIn&quot;}\" data-widget_type=\"text-editor.default\">\n\t\t\t\t<div class=\"elementor-widget-container\">\n\t\t\t\t\t\t\t\t\t<div class=\"small-body\">\n<div class=\"wpb_text_column wpb_content_element thegem-vc-text thegem-custom-6852fce15c6937789\">\n<div class=\"wpb_wrapper\">\n<div class=\"wpb_text_column wpb_content_element  thegem-vc-text thegem-custom-6852fce3556b62304\">\n<div class=\"wpb_wrapper\">\n<div class=\"small-body\">La Gran Logia mantiene una Casa de Apoyo en Campo Grande, un espacio destinado a brindar apoyo a los hermanos y sus familias que vienen de ciudades del interior en busca de tratamiento m\u00e9dico. Toda la asistencia se proporciona de forma gratuita.<\/div>\n<\/div>\n<\/div>\n<\/div>\n<\/div>\n<\/div>\t\t\t\t\t\t\t\t<\/div>\n\t\t\t\t<\/div>\n\t\t\t\t\t<\/div>\n\t\t<\/div>\n\t\t\t\t<div class=\"elementor-column elementor-col-50 elementor-top-column elementor-element elementor-element-23c3bad6 elementor-invisible\" data-id=\"23c3bad6\" data-element_type=\"column\" data-settings=\"{&quot;animation&quot;:&quot;fadeIn&quot;,&quot;animation_delay&quot;:150,&quot;background_background&quot;:&quot;classic&quot;}\">\n\t\t\t<div class=\"elementor-widget-wrap elementor-element-populated\">\n\t\t\t\t\t<div class=\"elementor-background-overlay\"><\/div>\n\t\t\t\t\t\t<div class=\"elementor-element elementor-element-17974f30 elementor-widget elementor-widget-image\" data-id=\"17974f30\" data-element_type=\"widget\" data-widget_type=\"image.default\">\n\t\t\t\t<div class=\"elementor-widget-container\">\n\t\t\t\t\t\t\t\t\t\t\t\t\t\t\t<img fetchpriority=\"high\" decoding=\"async\" width=\"400\" height=\"600\" src=\"https:\/\/grandelojams.org.br\/es\/wp-content\/uploads\/2025\/06\/ec6448c7-c44d-4e4e-a96c-910ffc8a34a3-2-400x600-1.jpg\" class=\"attachment-large size-large wp-image-8682\" alt=\"\" srcset=\"https:\/\/grandelojams.org.br\/es\/wp-content\/uploads\/2025\/06\/ec6448c7-c44d-4e4e-a96c-910ffc8a34a3-2-400x600-1.jpg 400w, https:\/\/grandelojams.org.br\/es\/wp-content\/uploads\/2025\/06\/ec6448c7-c44d-4e4e-a96c-910ffc8a34a3-2-400x600-1-200x300.jpg 200w\" sizes=\"(max-width: 400px) 100vw, 400px\" \/>\t\t\t\t\t\t\t\t\t\t\t\t\t\t\t<\/div>\n\t\t\t\t<\/div>\n\t\t\t\t\t<\/div>\n\t\t<\/div>\n\t\t\t\t\t<\/div>\n\t\t<\/section>\n\t\t\t\t<section class=\"elementor-section elementor-top-section elementor-element elementor-element-322d78f1 elementor-section-boxed elementor-section-height-default elementor-section-height-default\" data-id=\"322d78f1\" data-element_type=\"section\" data-settings=\"{&quot;background_background&quot;:&quot;classic&quot;}\">\n\t\t\t\t\t\t<div class=\"elementor-container elementor-column-gap-no\">\n\t\t\t\t\t<div class=\"elementor-column elementor-col-100 elementor-top-column elementor-element elementor-element-7a3617cd\" data-id=\"7a3617cd\" data-element_type=\"column\">\n\t\t\t<div class=\"elementor-widget-wrap elementor-element-populated\">\n\t\t\t\t\t\t<div class=\"elementor-element elementor-element-176d4767 elementor-widget elementor-widget-gallery\" data-id=\"176d4767\" data-element_type=\"widget\" data-settings=\"{&quot;lazyload&quot;:&quot;yes&quot;,&quot;gallery_layout&quot;:&quot;grid&quot;,&quot;columns&quot;:4,&quot;columns_tablet&quot;:2,&quot;columns_mobile&quot;:1,&quot;gap&quot;:{&quot;unit&quot;:&quot;px&quot;,&quot;size&quot;:10,&quot;sizes&quot;:[]},&quot;gap_tablet&quot;:{&quot;unit&quot;:&quot;px&quot;,&quot;size&quot;:10,&quot;sizes&quot;:[]},&quot;gap_mobile&quot;:{&quot;unit&quot;:&quot;px&quot;,&quot;size&quot;:10,&quot;sizes&quot;:[]},&quot;link_to&quot;:&quot;file&quot;,&quot;aspect_ratio&quot;:&quot;3:2&quot;,&quot;overlay_background&quot;:&quot;yes&quot;,&quot;content_hover_animation&quot;:&quot;fade-in&quot;}\" data-widget_type=\"gallery.default\">\n\t\t\t\t<div class=\"elementor-widget-container\">\n\t\t\t\t\t\t\t<div class=\"elementor-gallery__container\">\n\t\t\t\t\t\t\t<a class=\"e-gallery-item elementor-gallery-item elementor-animated-content\" href=\"https:\/\/grandelojams.org.br\/es\/wp-content\/uploads\/2025\/06\/efa913fe-6717-4605-87b8-0ea18afe3446-1-thegem-gallery-fullwidth.jpg\" data-elementor-open-lightbox=\"yes\" data-elementor-lightbox-slideshow=\"all-176d4767\" data-elementor-lightbox-title=\"efa913fe-6717-4605-87b8-0ea18afe3446-1-thegem-gallery-fullwidth\" data-e-action-hash=\"#elementor-action%3Aaction%3Dlightbox%26settings%3DeyJpZCI6OTAwMiwidXJsIjoiaHR0cHM6XC9cL2dyYW5kZWxvamFtcy5vcmcuYnJcL2VzXC93cC1jb250ZW50XC91cGxvYWRzXC8yMDI1XC8wNlwvZWZhOTEzZmUtNjcxNy00NjA1LTg3YjgtMGVhMThhZmUzNDQ2LTEtdGhlZ2VtLWdhbGxlcnktZnVsbHdpZHRoLmpwZyIsInNsaWRlc2hvdyI6ImFsbC0xNzZkNDc2NyJ9\">\n\t\t\t\t\t<div class=\"e-gallery-image elementor-gallery-item__image\" data-thumbnail=\"https:\/\/grandelojams.org.br\/es\/wp-content\/uploads\/2025\/06\/efa913fe-6717-4605-87b8-0ea18afe3446-1-thegem-gallery-fullwidth-300x138.jpg\" data-width=\"300\" data-height=\"138\" alt=\"\" ><\/div>\n\t\t\t\t\t\t\t\t\t\t\t<div class=\"elementor-gallery-item__overlay\"><\/div>\n\t\t\t\t\t\t\t\t\t\t\t\t\t\t<\/a>\n\t\t\t\t\t\t\t<a class=\"e-gallery-item elementor-gallery-item elementor-animated-content\" href=\"https:\/\/grandelojams.org.br\/es\/wp-content\/uploads\/2025\/06\/35acd1d0-d0b8-44eb-8efe-5edf803a598f-1-thegem-gallery-fullwidth.jpg\" data-elementor-open-lightbox=\"yes\" data-elementor-lightbox-slideshow=\"all-176d4767\" data-elementor-lightbox-title=\"35acd1d0-d0b8-44eb-8efe-5edf803a598f-1-thegem-gallery-fullwidth\" data-e-action-hash=\"#elementor-action%3Aaction%3Dlightbox%26settings%3DeyJpZCI6OTAwMywidXJsIjoiaHR0cHM6XC9cL2dyYW5kZWxvamFtcy5vcmcuYnJcL2VzXC93cC1jb250ZW50XC91cGxvYWRzXC8yMDI1XC8wNlwvMzVhY2QxZDAtZDBiOC00NGViLThlZmUtNWVkZjgwM2E1OThmLTEtdGhlZ2VtLWdhbGxlcnktZnVsbHdpZHRoLmpwZyIsInNsaWRlc2hvdyI6ImFsbC0xNzZkNDc2NyJ9\">\n\t\t\t\t\t<div class=\"e-gallery-image elementor-gallery-item__image\" data-thumbnail=\"https:\/\/grandelojams.org.br\/es\/wp-content\/uploads\/2025\/06\/35acd1d0-d0b8-44eb-8efe-5edf803a598f-1-thegem-gallery-fullwidth-300x138.jpg\" data-width=\"300\" data-height=\"138\" alt=\"\" ><\/div>\n\t\t\t\t\t\t\t\t\t\t\t<div class=\"elementor-gallery-item__overlay\"><\/div>\n\t\t\t\t\t\t\t\t\t\t\t\t\t\t<\/a>\n\t\t\t\t\t\t\t<a class=\"e-gallery-item elementor-gallery-item elementor-animated-content\" href=\"https:\/\/grandelojams.org.br\/es\/wp-content\/uploads\/2025\/06\/e422e24f-8b41-413c-811a-30c554769d55-1-thegem-gallery-fullwidth.jpg\" data-elementor-open-lightbox=\"yes\" data-elementor-lightbox-slideshow=\"all-176d4767\" data-elementor-lightbox-title=\"e422e24f-8b41-413c-811a-30c554769d55-1-thegem-gallery-fullwidth\" data-e-action-hash=\"#elementor-action%3Aaction%3Dlightbox%26settings%3DeyJpZCI6OTAwNCwidXJsIjoiaHR0cHM6XC9cL2dyYW5kZWxvamFtcy5vcmcuYnJcL2VzXC93cC1jb250ZW50XC91cGxvYWRzXC8yMDI1XC8wNlwvZTQyMmUyNGYtOGI0MS00MTNjLTgxMWEtMzBjNTU0NzY5ZDU1LTEtdGhlZ2VtLWdhbGxlcnktZnVsbHdpZHRoLmpwZyIsInNsaWRlc2hvdyI6ImFsbC0xNzZkNDc2NyJ9\">\n\t\t\t\t\t<div class=\"e-gallery-image elementor-gallery-item__image\" data-thumbnail=\"https:\/\/grandelojams.org.br\/es\/wp-content\/uploads\/2025\/06\/e422e24f-8b41-413c-811a-30c554769d55-1-thegem-gallery-fullwidth-300x138.jpg\" data-width=\"300\" data-height=\"138\" alt=\"\" ><\/div>\n\t\t\t\t\t\t\t\t\t\t\t<div class=\"elementor-gallery-item__overlay\"><\/div>\n\t\t\t\t\t\t\t\t\t\t\t\t\t\t<\/a>\n\t\t\t\t\t\t\t<a class=\"e-gallery-item elementor-gallery-item elementor-animated-content\" href=\"https:\/\/grandelojams.org.br\/es\/wp-content\/uploads\/2025\/06\/534e593e-3617-4afb-9c1f-06270dff0922-1-thegem-gallery-fullwidth.jpg\" data-elementor-open-lightbox=\"yes\" data-elementor-lightbox-slideshow=\"all-176d4767\" data-elementor-lightbox-title=\"534e593e-3617-4afb-9c1f-06270dff0922-1-thegem-gallery-fullwidth\" data-e-action-hash=\"#elementor-action%3Aaction%3Dlightbox%26settings%3DeyJpZCI6OTAwNSwidXJsIjoiaHR0cHM6XC9cL2dyYW5kZWxvamFtcy5vcmcuYnJcL2VzXC93cC1jb250ZW50XC91cGxvYWRzXC8yMDI1XC8wNlwvNTM0ZTU5M2UtMzYxNy00YWZiLTljMWYtMDYyNzBkZmYwOTIyLTEtdGhlZ2VtLWdhbGxlcnktZnVsbHdpZHRoLmpwZyIsInNsaWRlc2hvdyI6ImFsbC0xNzZkNDc2NyJ9\">\n\t\t\t\t\t<div class=\"e-gallery-image elementor-gallery-item__image\" data-thumbnail=\"https:\/\/grandelojams.org.br\/es\/wp-content\/uploads\/2025\/06\/534e593e-3617-4afb-9c1f-06270dff0922-1-thegem-gallery-fullwidth-300x138.jpg\" data-width=\"300\" data-height=\"138\" alt=\"\" ><\/div>\n\t\t\t\t\t\t\t\t\t\t\t<div class=\"elementor-gallery-item__overlay\"><\/div>\n\t\t\t\t\t\t\t\t\t\t\t\t\t\t<\/a>\n\t\t\t\t\t<\/div>\n\t\t\t\t\t<\/div>\n\t\t\t\t<\/div>\n\t\t\t\t\t<\/div>\n\t\t<\/div>\n\t\t\t\t\t<\/div>\n\t\t<\/section>\n\t\t\t\t<section class=\"elementor-section elementor-top-section elementor-element elementor-element-cd112b4 elementor-section-height-min-height elementor-section-boxed elementor-section-height-default elementor-section-items-middle\" data-id=\"cd112b4\" data-element_type=\"section\" data-settings=\"{&quot;background_background&quot;:&quot;classic&quot;}\">\n\t\t\t\t\t\t\t<div class=\"elementor-background-overlay\"><\/div>\n\t\t\t\t\t\t\t<div class=\"elementor-container elementor-column-gap-default\">\n\t\t\t\t\t<div class=\"elementor-column elementor-col-100 elementor-top-column elementor-element elementor-element-24b2212 elementor-invisible\" data-id=\"24b2212\" data-element_type=\"column\" data-settings=\"{&quot;animation&quot;:&quot;fadeIn&quot;}\">\n\t\t\t<div class=\"elementor-widget-wrap elementor-element-populated\">\n\t\t\t\t\t\t<div class=\"elementor-element elementor-element-e47ed41 elementor-invisible elementor-widget elementor-widget-heading\" data-id=\"e47ed41\" data-element_type=\"widget\" data-settings=\"{&quot;_animation&quot;:&quot;fadeIn&quot;}\" data-widget_type=\"heading.default\">\n\t\t\t\t<div class=\"elementor-widget-container\">\n\t\t\t\t\t<h1 class=\"elementor-heading-title elementor-size-default\">\nDar la bienvenida es un acto de amor<\/h1>\t\t\t\t<\/div>\n\t\t\t\t<\/div>\n\t\t\t\t<div class=\"elementor-element elementor-element-a5d3e0c elementor-invisible elementor-widget elementor-widget-text-editor\" data-id=\"a5d3e0c\" data-element_type=\"widget\" data-settings=\"{&quot;_animation&quot;:&quot;fadeIn&quot;,&quot;_animation_delay&quot;:100}\" data-widget_type=\"text-editor.default\">\n\t\t\t\t<div class=\"elementor-widget-container\">\n\t\t\t\t\t\t\t\t\t<p>Recibir con amor es uno de los mayores actos de fraternidad.<\/p>\t\t\t\t\t\t\t\t<\/div>\n\t\t\t\t<\/div>\n\t\t\t\t\t<\/div>\n\t\t<\/div>\n\t\t\t\t<div class=\"elementor-column elementor-col-100 elementor-top-column elementor-element elementor-element-9e110e6 elementor-invisible\" data-id=\"9e110e6\" data-element_type=\"column\" data-settings=\"{&quot;animation&quot;:&quot;fadeIn&quot;,&quot;animation_delay&quot;:150}\">\n\t\t\t<div class=\"elementor-widget-wrap elementor-element-populated\">\n\t\t\t\t\t\t<div class=\"elementor-element elementor-element-9c944dc elementor-align-right elementor-invisible elementor-widget elementor-widget-button\" data-id=\"9c944dc\" data-element_type=\"widget\" data-settings=\"{&quot;_animation&quot;:&quot;fadeInUp&quot;,&quot;_animation_delay&quot;:200}\" data-widget_type=\"button.default\">\n\t\t\t\t<div class=\"elementor-widget-container\">\n\t\t\t\t\t\t\t\t\t<div class=\"elementor-button-wrapper\">\n\t\t\t\t\t<a class=\"elementor-button elementor-button-link elementor-size-sm elementor-animation-grow\" href=\"https:\/\/grandelojams.org.br\/es\/contactenos\/\">\n\t\t\t\t\t\t<span class=\"elementor-button-content-wrapper\">\n\t\t\t\t\t\t\t\t\t<span class=\"elementor-button-text\">Fale Conosco<\/span>\n\t\t\t\t\t<\/span>\n\t\t\t\t\t<\/a>\n\t\t\t\t<\/div>\n\t\t\t\t\t\t\t\t<\/div>\n\t\t\t\t<\/div>\n\t\t\t\t\t<\/div>\n\t\t<\/div>\n\t\t\t\t\t<\/div>\n\t\t<\/section>\n\t\t\t\t<\/div>\n\t\t","protected":false},"excerpt":{"rendered":"<p>Casa de Apoyo Apoyo, atenci\u00f3n y ambiente acogedor para quienes reciben tratamiento m\u00e9dico en Campo Grande. M\u00e1s informaci\u00f3n Casa de Apoyo La Gran Logia mantiene una Casa de Apoyo en Campo Grande, un espacio destinado a brindar apoyo a los hermanos y sus familias que vienen de ciudades del interior en busca de tratamiento m\u00e9dico. [&hellip;]<\/p>\n","protected":false},"author":1,"featured_media":0,"parent":0,"menu_order":0,"comment_status":"closed","ping_status":"closed","template":"","meta":{"footnotes":""},"class_list":["post-8649","page","type-page","status-publish","hentry"],"yoast_head":"<!-- This site is optimized with the Yoast SEO plugin v26.3 - https:\/\/yoast.com\/wordpress\/plugins\/seo\/ -->\n<title>Casa de Apoyo - GLEMS<\/title>\n<meta name=\"robots\" content=\"index, follow, max-snippet:-1, max-image-preview:large, max-video-preview:-1\" \/>\n<link rel=\"canonical\" href=\"https:\/\/grandelojams.org.br\/es\/casa-de-apoyo\/\" \/>\n<meta property=\"og:locale\" content=\"pt_BR\" \/>\n<meta property=\"og:type\" content=\"article\" \/>\n<meta property=\"og:title\" content=\"Casa de Apoyo - GLEMS\" \/>\n<meta property=\"og:description\" content=\"Casa de Apoyo Apoyo, atenci\u00f3n y ambiente acogedor para quienes reciben tratamiento m\u00e9dico en Campo Grande. M\u00e1s informaci\u00f3n Casa de Apoyo La Gran Logia mantiene una Casa de Apoyo en Campo Grande, un espacio destinado a brindar apoyo a los hermanos y sus familias que vienen de ciudades del interior en busca de tratamiento m\u00e9dico. [&hellip;]\" \/>\n<meta property=\"og:url\" content=\"https:\/\/grandelojams.org.br\/es\/casa-de-apoyo\/\" \/>\n<meta property=\"og:site_name\" content=\"GLEMS\" \/>\n<meta property=\"article:modified_time\" content=\"2025-11-17T13:18:59+00:00\" \/>\n<meta property=\"og:image\" content=\"https:\/\/grandelojams.org.br\/es\/wp-content\/uploads\/2025\/06\/ec6448c7-c44d-4e4e-a96c-910ffc8a34a3-2-400x600-1.jpg\" \/>\n\t<meta property=\"og:image:width\" content=\"400\" \/>\n\t<meta property=\"og:image:height\" content=\"600\" \/>\n\t<meta property=\"og:image:type\" content=\"image\/jpeg\" \/>\n<meta name=\"twitter:card\" content=\"summary_large_image\" \/>\n<meta name=\"twitter:label1\" content=\"Est. tempo de leitura\" \/>\n\t<meta name=\"twitter:data1\" content=\"1 minuto\" \/>\n<script type=\"application\/ld+json\" class=\"yoast-schema-graph\">{\"@context\":\"https:\/\/schema.org\",\"@graph\":[{\"@type\":\"WebPage\",\"@id\":\"https:\/\/grandelojams.org.br\/es\/casa-de-apoyo\/\",\"url\":\"https:\/\/grandelojams.org.br\/es\/casa-de-apoyo\/\",\"name\":\"Casa de Apoyo - GLEMS\",\"isPartOf\":{\"@id\":\"https:\/\/grandelojams.org.br\/es\/#website\"},\"primaryImageOfPage\":{\"@id\":\"https:\/\/grandelojams.org.br\/es\/casa-de-apoyo\/#primaryimage\"},\"image\":{\"@id\":\"https:\/\/grandelojams.org.br\/es\/casa-de-apoyo\/#primaryimage\"},\"thumbnailUrl\":\"https:\/\/grandelojams.org.br\/es\/wp-content\/uploads\/2025\/06\/ec6448c7-c44d-4e4e-a96c-910ffc8a34a3-2-400x600-1.jpg\",\"datePublished\":\"2025-06-18T17:54:35+00:00\",\"dateModified\":\"2025-11-17T13:18:59+00:00\",\"breadcrumb\":{\"@id\":\"https:\/\/grandelojams.org.br\/es\/casa-de-apoyo\/#breadcrumb\"},\"inLanguage\":\"pt-BR\",\"potentialAction\":[{\"@type\":\"ReadAction\",\"target\":[\"https:\/\/grandelojams.org.br\/es\/casa-de-apoyo\/\"]}]},{\"@type\":\"ImageObject\",\"inLanguage\":\"pt-BR\",\"@id\":\"https:\/\/grandelojams.org.br\/es\/casa-de-apoyo\/#primaryimage\",\"url\":\"https:\/\/grandelojams.org.br\/es\/wp-content\/uploads\/2025\/06\/ec6448c7-c44d-4e4e-a96c-910ffc8a34a3-2-400x600-1.jpg\",\"contentUrl\":\"https:\/\/grandelojams.org.br\/es\/wp-content\/uploads\/2025\/06\/ec6448c7-c44d-4e4e-a96c-910ffc8a34a3-2-400x600-1.jpg\",\"width\":400,\"height\":600},{\"@type\":\"BreadcrumbList\",\"@id\":\"https:\/\/grandelojams.org.br\/es\/casa-de-apoyo\/#breadcrumb\",\"itemListElement\":[{\"@type\":\"ListItem\",\"position\":1,\"name\":\"In\u00edcio\",\"item\":\"https:\/\/grandelojams.org.br\/es\/\"},{\"@type\":\"ListItem\",\"position\":2,\"name\":\"Casa de Apoyo\"}]},{\"@type\":\"WebSite\",\"@id\":\"https:\/\/grandelojams.org.br\/es\/#website\",\"url\":\"https:\/\/grandelojams.org.br\/es\/\",\"name\":\"GLEMS\",\"description\":\"Grande Loja Ma\u00e7\u00f4nica do Mato Grosso do Sul\",\"potentialAction\":[{\"@type\":\"SearchAction\",\"target\":{\"@type\":\"EntryPoint\",\"urlTemplate\":\"https:\/\/grandelojams.org.br\/es\/?s={search_term_string}\"},\"query-input\":{\"@type\":\"PropertyValueSpecification\",\"valueRequired\":true,\"valueName\":\"search_term_string\"}}],\"inLanguage\":\"pt-BR\"}]}<\/script>\n<!-- \/ Yoast SEO plugin. -->","yoast_head_json":{"title":"Casa de Apoyo - GLEMS","robots":{"index":"index","follow":"follow","max-snippet":"max-snippet:-1","max-image-preview":"max-image-preview:large","max-video-preview":"max-video-preview:-1"},"canonical":"https:\/\/grandelojams.org.br\/es\/casa-de-apoyo\/","og_locale":"pt_BR","og_type":"article","og_title":"Casa de Apoyo - GLEMS","og_description":"Casa de Apoyo Apoyo, atenci\u00f3n y ambiente acogedor para quienes reciben tratamiento m\u00e9dico en Campo Grande. M\u00e1s informaci\u00f3n Casa de Apoyo La Gran Logia mantiene una Casa de Apoyo en Campo Grande, un espacio destinado a brindar apoyo a los hermanos y sus familias que vienen de ciudades del interior en busca de tratamiento m\u00e9dico. [&hellip;]","og_url":"https:\/\/grandelojams.org.br\/es\/casa-de-apoyo\/","og_site_name":"GLEMS","article_modified_time":"2025-11-17T13:18:59+00:00","og_image":[{"width":400,"height":600,"url":"https:\/\/grandelojams.org.br\/es\/wp-content\/uploads\/2025\/06\/ec6448c7-c44d-4e4e-a96c-910ffc8a34a3-2-400x600-1.jpg","type":"image\/jpeg"}],"twitter_card":"summary_large_image","twitter_misc":{"Est. tempo de leitura":"1 minuto"},"schema":{"@context":"https:\/\/schema.org","@graph":[{"@type":"WebPage","@id":"https:\/\/grandelojams.org.br\/es\/casa-de-apoyo\/","url":"https:\/\/grandelojams.org.br\/es\/casa-de-apoyo\/","name":"Casa de Apoyo - GLEMS","isPartOf":{"@id":"https:\/\/grandelojams.org.br\/es\/#website"},"primaryImageOfPage":{"@id":"https:\/\/grandelojams.org.br\/es\/casa-de-apoyo\/#primaryimage"},"image":{"@id":"https:\/\/grandelojams.org.br\/es\/casa-de-apoyo\/#primaryimage"},"thumbnailUrl":"https:\/\/grandelojams.org.br\/es\/wp-content\/uploads\/2025\/06\/ec6448c7-c44d-4e4e-a96c-910ffc8a34a3-2-400x600-1.jpg","datePublished":"2025-06-18T17:54:35+00:00","dateModified":"2025-11-17T13:18:59+00:00","breadcrumb":{"@id":"https:\/\/grandelojams.org.br\/es\/casa-de-apoyo\/#breadcrumb"},"inLanguage":"pt-BR","potentialAction":[{"@type":"ReadAction","target":["https:\/\/grandelojams.org.br\/es\/casa-de-apoyo\/"]}]},{"@type":"ImageObject","inLanguage":"pt-BR","@id":"https:\/\/grandelojams.org.br\/es\/casa-de-apoyo\/#primaryimage","url":"https:\/\/grandelojams.org.br\/es\/wp-content\/uploads\/2025\/06\/ec6448c7-c44d-4e4e-a96c-910ffc8a34a3-2-400x600-1.jpg","contentUrl":"https:\/\/grandelojams.org.br\/es\/wp-content\/uploads\/2025\/06\/ec6448c7-c44d-4e4e-a96c-910ffc8a34a3-2-400x600-1.jpg","width":400,"height":600},{"@type":"BreadcrumbList","@id":"https:\/\/grandelojams.org.br\/es\/casa-de-apoyo\/#breadcrumb","itemListElement":[{"@type":"ListItem","position":1,"name":"In\u00edcio","item":"https:\/\/grandelojams.org.br\/es\/"},{"@type":"ListItem","position":2,"name":"Casa de Apoyo"}]},{"@type":"WebSite","@id":"https:\/\/grandelojams.org.br\/es\/#website","url":"https:\/\/grandelojams.org.br\/es\/","name":"GLEMS","description":"Grande Loja Ma\u00e7\u00f4nica do Mato Grosso do Sul","potentialAction":[{"@type":"SearchAction","target":{"@type":"EntryPoint","urlTemplate":"https:\/\/grandelojams.org.br\/es\/?s={search_term_string}"},"query-input":{"@type":"PropertyValueSpecification","valueRequired":true,"valueName":"search_term_string"}}],"inLanguage":"pt-BR"}]}},"_links":{"self":[{"href":"https:\/\/grandelojams.org.br\/es\/wp-json\/wp\/v2\/pages\/8649","targetHints":{"allow":["GET"]}}],"collection":[{"href":"https:\/\/grandelojams.org.br\/es\/wp-json\/wp\/v2\/pages"}],"about":[{"href":"https:\/\/grandelojams.org.br\/es\/wp-json\/wp\/v2\/types\/page"}],"author":[{"embeddable":true,"href":"https:\/\/grandelojams.org.br\/es\/wp-json\/wp\/v2\/users\/1"}],"replies":[{"embeddable":true,"href":"https:\/\/grandelojams.org.br\/es\/wp-json\/wp\/v2\/comments?post=8649"}],"version-history":[{"count":17,"href":"https:\/\/grandelojams.org.br\/es\/wp-json\/wp\/v2\/pages\/8649\/revisions"}],"predecessor-version":[{"id":9819,"href":"https:\/\/grandelojams.org.br\/es\/wp-json\/wp\/v2\/pages\/8649\/revisions\/9819"}],"wp:attachment":[{"href":"https:\/\/grandelojams.org.br\/es\/wp-json\/wp\/v2\/media?parent=8649"}],"curies":[{"name":"wp","href":"https:\/\/api.w.org\/{rel}","templated":true}]}}